{"id":60,"date":"2020-10-29T19:54:16","date_gmt":"2020-10-29T19:54:16","guid":{"rendered":"http:\/\/hstis.hr\/?page_id=60"},"modified":"2020-11-28T20:45:02","modified_gmt":"2020-11-28T20:45:02","slug":"clanovi","status":"publish","type":"page","link":"https:\/\/hstis.hr\/index.php\/clanovi\/","title":{"rendered":"\u010clanovi"},"content":{"rendered":"\t\t<div data-elementor-type=\"wp-page\" data-elementor-id=\"60\" class=\"elementor elementor-60\" data-elementor-settings=\"[]\">\n\t\t\t\t\t\t<div class=\"elementor-inner\">\n\t\t\t\t\t\t\t<div class=\"elementor-section-wrap\">\n\t\t\t\t\t\t\t<section class=\"elementor-section elementor-top-section elementor-element elementor-element-5af78e5 elementor-section-boxed elementor-section-height-default elementor-section-height-default\" data-id=\"5af78e5\" data-element_type=\"section\" data-settings=\"{&quot;background_background&quot;:&quot;classic&quot;}\">\n\t\t\t\t\t\t<div class=\"elementor-container elementor-column-gap-default\">\n\t\t\t\t\t\t\t<div class=\"elementor-row\">\n\t\t\t\t\t<div class=\"elementor-column elementor-col-100 elementor-top-column elementor-element elementor-element-2c48424\" data-id=\"2c48424\" data-element_type=\"column\">\n\t\t\t<div class=\"elementor-column-wrap elementor-element-populated\">\n\t\t\t\t\t\t\t<div class=\"elementor-widget-wrap\">\n\t\t\t\t\t\t<div class=\"elementor-element elementor-element-5666744 elementor-widget elementor-widget-heading\" data-id=\"5666744\" data-element_type=\"widget\" data-widget_type=\"heading.default\">\n\t\t\t\t<div class=\"elementor-widget-container\">\n\t\t\t<h2 class=\"elementor-heading-title elementor-size-default\">O osniva\u010dkim \u010dlanovima <\/h2>\t\t<\/div>\n\t\t\t\t<\/div>\n\t\t\t\t\t\t<\/div>\n\t\t\t\t\t<\/div>\n\t\t<\/div>\n\t\t\t\t\t\t\t\t<\/div>\n\t\t\t\t\t<\/div>\n\t\t<\/section>\n\t\t\t\t<section class=\"elementor-section elementor-top-section elementor-element elementor-element-f24ba25 elementor-section-full_width elementor-section-content-top elementor-section-height-default elementor-section-height-default\" data-id=\"f24ba25\" data-element_type=\"section\" data-settings=\"{&quot;background_background&quot;:&quot;classic&quot;}\">\n\t\t\t\t\t\t<div class=\"elementor-container elementor-column-gap-wide\">\n\t\t\t\t\t\t\t<div class=\"elementor-row\">\n\t\t\t\t\t<div class=\"elementor-column elementor-col-50 elementor-top-column elementor-element elementor-element-b381d2c\" data-id=\"b381d2c\" data-element_type=\"column\">\n\t\t\t<div class=\"elementor-column-wrap elementor-element-populated\">\n\t\t\t\t\t\t\t<div class=\"elementor-widget-wrap\">\n\t\t\t\t\t\t<div class=\"elementor-element elementor-element-058d59b elementor-widget elementor-widget-heading\" data-id=\"058d59b\" data-element_type=\"widget\" data-widget_type=\"heading.default\">\n\t\t\t\t<div class=\"elementor-widget-container\">\n\t\t\t<h3 class=\"elementor-heading-title elementor-size-default\">Dru\u017eba vitezova zlatnog kale\u017ea<\/h3>\t\t<\/div>\n\t\t\t\t<\/div>\n\t\t\t\t\t\t<\/div>\n\t\t\t\t\t<\/div>\n\t\t<\/div>\n\t\t\t\t<div class=\"elementor-column elementor-col-50 elementor-top-column elementor-element elementor-element-6ad5265\" data-id=\"6ad5265\" data-element_type=\"column\">\n\t\t\t<div class=\"elementor-column-wrap elementor-element-populated\">\n\t\t\t\t\t\t\t<div class=\"elementor-widget-wrap\">\n\t\t\t\t\t\t<div class=\"elementor-element elementor-element-4543445 elementor-widget elementor-widget-text-editor\" data-id=\"4543445\" data-element_type=\"widget\" data-widget_type=\"text-editor.default\">\n\t\t\t\t<div class=\"elementor-widget-container\">\n\t\t\t\t\t<div class=\"elementor-text-editor elementor-clearfix\"><p><img loading=\"lazy\" decoding=\"async\" class=\"alignnone size-medium wp-image-451\" src=\"http:\/\/hstis.hr\/wp-content\/uploads\/2020\/11\/strelicarstvo_1-200x300.jpg\" alt=\"\" width=\"200\" height=\"300\" srcset=\"https:\/\/hstis.hr\/wp-content\/uploads\/2020\/11\/strelicarstvo_1-200x300.jpg 200w, https:\/\/hstis.hr\/wp-content\/uploads\/2020\/11\/strelicarstvo_1.jpg 377w\" sizes=\"auto, (max-width: 200px) 100vw, 200px\" \/><img loading=\"lazy\" decoding=\"async\" class=\"alignnone size-medium wp-image-447\" src=\"http:\/\/hstis.hr\/wp-content\/uploads\/2020\/11\/seljacka-buna5-230x300.jpg\" alt=\"\" width=\"230\" height=\"300\" srcset=\"https:\/\/hstis.hr\/wp-content\/uploads\/2020\/11\/seljacka-buna5-230x300.jpg 230w, https:\/\/hstis.hr\/wp-content\/uploads\/2020\/11\/seljacka-buna5.jpg 614w\" sizes=\"auto, (max-width: 230px) 100vw, 230px\" \/>\u00a0<\/p><p>Dru\u017eba vitezova zlatnog kale\u017ea je udruga koja se bavi prikazom \u017eivota u srednjem vijeku.\u00a0Osnovana je 04.12.2004. sa sjedi\u0161tem u\u00a0Donjoj Stubici.\u00a0Od 2009. godine tradicionalno u velja\u010di organizira prikaz Selja\u010dke bune \u201eSelja\u010dka buna 1573 \u2013 Bitka kod Stubice\u201c u Donjoj Stubici. Danas udruga broji \u010detrdeset \u010dlanova i to: \u00a0Dru\u017ebu vitezova koja svojim vje\u0161tinama prikazuje vite\u0161ke borbe ognjem i ma\u010dem, Tahyeve pu\u0161kare sa prikazom pucanja srednjovjekovnim vatrenim oru\u017ejem, Gup\u010deve streli\u010dare sa preciznim i zapaljivim strijelama i kmetsku logistiku bez koje ne bi izdr\u017eali sve te napore.<\/p><p>Podru\u010dje djelovanja udruge je na raznim doga\u0111anjima srednjovjekovnog, edukativnog ili turisti\u010dkog karaktera u svrhu o\u010duvanja kulturne ba\u0161tine u Republici Hrvatsko,j ili inozemstvu, u suradnji s jedinicama lokalne samouprave, \u017eupanijama i turisti\u010dkim zajednicama u promociji svih krajeva Republike Hrvatske a naro\u010dito Krapinsko zagorske \u017eupanije.<\/p><p>O va\u017enosti i kvaliteti rada udruge govori i veliko priznanje koje je 2015. dodijeljeno udruzi i to priznanje sa zlatnim znakom, odnosno prvo mjesto u kategoriji \u201eManifestacije i doga\u0111anja \u2013 prikaz povijesnih doga\u0111anja, legenda i pri\u010da\u201c. Nagrada se dodjeljuje za kreativan razvoj turisti\u010dkih proizvoda, te oblikovanje i unapre\u0111enje sadr\u017eaja turisti\u010dke ponude tijekom 2014\/15. godine koje dodjeljuje Udruga hrvatskih putni\u010dkih agencija i magazin Way to Croatia u sklopu godi\u0161njih nagrada SIMPLEY THE BEST.<\/p><\/div>\n\t\t\t\t<\/div>\n\t\t\t\t<\/div>\n\t\t\t\t\t\t<\/div>\n\t\t\t\t\t<\/div>\n\t\t<\/div>\n\t\t\t\t\t\t\t\t<\/div>\n\t\t\t\t\t<\/div>\n\t\t<\/section>\n\t\t\t\t<section class=\"elementor-section elementor-top-section elementor-element elementor-element-f24692c elementor-section-full_width elementor-section-content-top elementor-reverse-tablet elementor-reverse-mobile elementor-section-height-default elementor-section-height-default\" data-id=\"f24692c\" data-element_type=\"section\" data-settings=\"{&quot;background_background&quot;:&quot;classic&quot;}\">\n\t\t\t\t\t\t<div class=\"elementor-container elementor-column-gap-wide\">\n\t\t\t\t\t\t\t<div class=\"elementor-row\">\n\t\t\t\t\t<div class=\"elementor-column elementor-col-50 elementor-top-column elementor-element elementor-element-6d89841\" data-id=\"6d89841\" data-element_type=\"column\">\n\t\t\t<div class=\"elementor-column-wrap elementor-element-populated\">\n\t\t\t\t\t\t\t<div class=\"elementor-widget-wrap\">\n\t\t\t\t\t\t<div class=\"elementor-element elementor-element-13f8853 elementor-widget elementor-widget-text-editor\" data-id=\"13f8853\" data-element_type=\"widget\" data-widget_type=\"text-editor.default\">\n\t\t\t\t<div class=\"elementor-widget-container\">\n\t\t\t\t\t<div class=\"elementor-text-editor elementor-clearfix\"><p><img loading=\"lazy\" decoding=\"async\" class=\"alignnone size-medium wp-image-431\" src=\"http:\/\/hstis.hr\/wp-content\/uploads\/2020\/11\/Foto1-300x200.jpg\" alt=\"\" width=\"300\" height=\"200\" \/><\/p><p>Izvorni stari \u0161portovi predstavljaju dokaz kulture i na\u010dina \u017eivljenja na\u0161ih davnih predaka. Dokaz su kako su se igrali, zabavljali i nadmetali u davna vremena li\u0161eni svih tehni\u010dkih dostignu\u0107a i nepoznavaju\u0107i nikakve suvremene rekvizite. Na\u0161 davni predak u \u017eelji za dokazivanjem snage, spretnosti, vje\u0161tine i vite\u0161tva oti\u0161ao je u prirodu, prona\u0161ao ili izradio rekvizite bez ikakvih komercijalnih izdataka i organizirao nadmetanja.<\/p><p>\u00a0<\/p><p>Pojavom SUVREMENIH \u0160PORTOVA, a ponaosob izme\u0111u 1. i 2. svjetskog rata oni polako izumiru i padaju u stihiju, da bi nakon 2. svjetskog rata prestali (a starinski rekviziti su sa\u010duvani na tavanima \u201eposljednjih pastira\u201c). No, pravila nisu zaboravljena i poticajni nemir skupine entuzijasta i zaljubljenika u stare \u0161portove u\u010dinio je mnogo u o\u010duvanju ovog vrijednog narodnog blaga, otrgnutog od zaborava i koje je vrijeme desetlje\u0107ima i stolje\u0107ima potiskivalo. Poseban veliki doprinos u o\u010duvanju i uzdizanju ove vrijedne nematerijalne ba\u0161tine u Hrvata, dali su entuzijasti slavonskog sela \u00a0Bro\u0111anci koji su 1972. godine (26. kolovoza) organizirali nadmetanja u 7 disciplina starog \u0161porta i koja su imali lokalni karakter i pobudila veliki interes \u0161ire javnosti, a posebno putem medija koji su ova nadmetanja nazvali \u201ejuna\u010dkim igrama\u201c kao na pravim OLIMPIJADAMA.<\/p><p>Tada je skupina odlu\u010dnih entuzijasta do\u0161la na ideju da se osnuje OLIMPIJADA STARIH \u0160PORTOVA U BRO\u0110ANCIMA \u2013 kao institucija koja \u0107e iz anonimnosti izvla\u010diti stare \u0161portove na\u0161ih predaka, prou\u010davati ih, njegovati, zapisivati i prenositi na mlade generacije koje dolaze i tako sa\u010duvati od zaborava.<\/p><p>25. velja\u010de 1973. godine odr\u017eana je u Bro\u0111ancima OSNIVA\u010cKA SKUP\u0160TINA OS\u0160 Bro\u0111anci, na kojoj je donesen statut i pravilnik rada, a potom je OS\u0160 registrirana u OP\u0106INSKOM SUDU i MUP-u tada\u0161nje op\u0107ine Valpovo, te legalizirana kao prva jedinstvena institucija ove vrste u nas (a vjerojatno i u svijetu). Tako\u0111er je na osniva\u010dkoj skup\u0161tini izabran OLIMPIJSKI ODBOR od 7 \u010dlanova i skup\u0161tine OSS od 17 \u010dlanova. Iz godine u godinu interes za sudjelovanje na ovoj manifestaciji postajao je sve ve\u0107i, pa se sve ve\u0107i broj mjesta uklju\u010divalo u natjecanja, a OS\u0160 se kontinuirano \u0161irila na sva podru\u010dja Hrvatske, biv\u0161e dr\u017eave, susjednih zemalja i dijaspore. Na dosad odr\u017eanih 47. OLIMPIJADA bilje\u017eimo nastup oko 50 000 natjecatelja te ostalih sudionika u popratnim manifestacijama iz svih dijelova RH te 20-ak drugih zemalja.<\/p><\/div>\n\t\t\t\t<\/div>\n\t\t\t\t<\/div>\n\t\t\t\t\t\t<\/div>\n\t\t\t\t\t<\/div>\n\t\t<\/div>\n\t\t\t\t<div class=\"elementor-column elementor-col-50 elementor-top-column elementor-element elementor-element-2352c37\" data-id=\"2352c37\" data-element_type=\"column\">\n\t\t\t<div class=\"elementor-column-wrap elementor-element-populated\">\n\t\t\t\t\t\t\t<div class=\"elementor-widget-wrap\">\n\t\t\t\t\t\t<div class=\"elementor-element elementor-element-4bb9c74 elementor-widget elementor-widget-heading\" data-id=\"4bb9c74\" data-element_type=\"widget\" data-widget_type=\"heading.default\">\n\t\t\t\t<div class=\"elementor-widget-container\">\n\t\t\t<h2 class=\"elementor-heading-title elementor-size-default\">Olimpijada starih \u0161portova<\/h2>\t\t<\/div>\n\t\t\t\t<\/div>\n\t\t\t\t\t\t<\/div>\n\t\t\t\t\t<\/div>\n\t\t<\/div>\n\t\t\t\t\t\t\t\t<\/div>\n\t\t\t\t\t<\/div>\n\t\t<\/section>\n\t\t\t\t<section class=\"elementor-section elementor-top-section elementor-element elementor-element-a90dd9e elementor-section-full_width elementor-section-content-top elementor-section-height-default elementor-section-height-default\" data-id=\"a90dd9e\" data-element_type=\"section\" data-settings=\"{&quot;background_background&quot;:&quot;classic&quot;}\">\n\t\t\t\t\t\t<div class=\"elementor-container elementor-column-gap-wide\">\n\t\t\t\t\t\t\t<div class=\"elementor-row\">\n\t\t\t\t\t<div class=\"elementor-column elementor-col-50 elementor-top-column elementor-element elementor-element-a37b6e3\" data-id=\"a37b6e3\" data-element_type=\"column\">\n\t\t\t<div class=\"elementor-column-wrap elementor-element-populated\">\n\t\t\t\t\t\t\t<div class=\"elementor-widget-wrap\">\n\t\t\t\t\t\t<div class=\"elementor-element elementor-element-f8e7012 elementor-widget elementor-widget-heading\" data-id=\"f8e7012\" data-element_type=\"widget\" data-widget_type=\"heading.default\">\n\t\t\t\t<div class=\"elementor-widget-container\">\n\t\t\t<h2 class=\"elementor-heading-title elementor-size-default\">Pljo\u010dkarski Savez Hrvatske<\/h2>\t\t<\/div>\n\t\t\t\t<\/div>\n\t\t\t\t\t\t<\/div>\n\t\t\t\t\t<\/div>\n\t\t<\/div>\n\t\t\t\t<div class=\"elementor-column elementor-col-50 elementor-top-column elementor-element elementor-element-cfbbf78\" data-id=\"cfbbf78\" data-element_type=\"column\">\n\t\t\t<div class=\"elementor-column-wrap elementor-element-populated\">\n\t\t\t\t\t\t\t<div class=\"elementor-widget-wrap\">\n\t\t\t\t\t\t<div class=\"elementor-element elementor-element-0a30ea7 elementor-widget elementor-widget-text-editor\" data-id=\"0a30ea7\" data-element_type=\"widget\" data-widget_type=\"text-editor.default\">\n\t\t\t\t<div class=\"elementor-widget-container\">\n\t\t\t\t\t<div class=\"elementor-text-editor elementor-clearfix\"><p><img loading=\"lazy\" decoding=\"async\" class=\"alignnone size-medium wp-image-223\" src=\"http:\/\/hstis.hr\/wp-content\/uploads\/2020\/11\/Branko-Druzeta-3_10_2020_1-209x300.jpg\" alt=\"\" width=\"209\" height=\"300\" srcset=\"https:\/\/hstis.hr\/wp-content\/uploads\/2020\/11\/Branko-Druzeta-3_10_2020_1-209x300.jpg 209w, https:\/\/hstis.hr\/wp-content\/uploads\/2020\/11\/Branko-Druzeta-3_10_2020_1-713x1024.jpg 713w, https:\/\/hstis.hr\/wp-content\/uploads\/2020\/11\/Branko-Druzeta-3_10_2020_1-768x1104.jpg 768w, https:\/\/hstis.hr\/wp-content\/uploads\/2020\/11\/Branko-Druzeta-3_10_2020_1-1069x1536.jpg 1069w, https:\/\/hstis.hr\/wp-content\/uploads\/2020\/11\/Branko-Druzeta-3_10_2020_1-1425x2048.jpg 1425w, https:\/\/hstis.hr\/wp-content\/uploads\/2020\/11\/Branko-Druzeta-3_10_2020_1-scaled.jpg 1781w\" sizes=\"auto, (max-width: 209px) 100vw, 209px\" \/><\/p><p>Pljo\u010dkarski Savez Hrvatske je osnovan 17. kolovoza 2016. godine i upisan u Registar udruga RH pod brojem 18003046, dana 08. o\u017eujka 2017. godine. Inicijativi za osnivanjem Istarskom Pljo\u010dkarskom Savezu su se pridru\u017eili pljo\u010dkari iz Hrvatskog zagorja i Grada Zagreba, tako da PSH danas broji 12 klubova koji djeluju unutar Saveza.<\/p><p>Za razliku od tradicijskog pljo\u010dkanja koje je\u00a0na popisu nematerijalne kulturne ba\u0161tine RH, suvremeno pljo\u010dkanje se odigrava u potpunosti u skladu sa temeljnim na\u010delima olimpizma i pravilima sporta.\u00a0U sklopu PSH odr\u017eavaju se\u00a0natjecanja Prvenstva Hrvatske u tri discipline: pojedina\u010dno, parovi i ekipe. Natjecanja se odr\u017eavaju prema done\u0161enom Pravilniku o pljo\u010dkanju i Propozicijama.\u00a0Pljo\u010dkarska natjecanja provode se na travnjacima i sli\u010dnim javnim povr\u0161inama. Pljo\u010dkali\u0161ta se ure\u0111uju na na\u010din predvi\u0111en Pravilnikom o pljo\u010dkanju i u skladu sa pravilima javnog okupljanja.<\/p><\/div>\n\t\t\t\t<\/div>\n\t\t\t\t<\/div>\n\t\t\t\t\t\t<\/div>\n\t\t\t\t\t<\/div>\n\t\t<\/div>\n\t\t\t\t\t\t\t\t<\/div>\n\t\t\t\t\t<\/div>\n\t\t<\/section>\n\t\t\t\t\t\t<\/div>\n\t\t\t\t\t\t<\/div>\n\t\t\t\t\t<\/div>\n\t\t","protected":false},"excerpt":{"rendered":"<p>O osniva\u010dkim \u010dlanovima Dru\u017eba vitezova zlatnog kale\u017ea \u00a0 Dru\u017eba vitezova zlatnog kale\u017ea je udruga koja se bavi prikazom \u017eivota u srednjem vijeku.\u00a0Osnovana je 04.12.2004. sa sjedi\u0161tem u\u00a0Donjoj Stubici.\u00a0Od 2009. godine tradicionalno u velja\u010di organizira prikaz Selja\u010dke bune \u201eSelja\u010dka buna 1573 \u2013 Bitka kod Stubice\u201c u Donjoj Stubici. Danas udruga broji \u010detrdeset \u010dlanova i to: \u00a0Dru\u017ebu [&hellip;]<\/p>\n","protected":false},"author":1,"featured_media":0,"parent":0,"menu_order":0,"comment_status":"closed","ping_status":"closed","template":"","meta":{"footnotes":""},"class_list":["post-60","page","type-page","status-publish","hentry","entry"],"_links":{"self":[{"href":"https:\/\/hstis.hr\/index.php\/wp-json\/wp\/v2\/pages\/60","targetHints":{"allow":["GET"]}}],"collection":[{"href":"https:\/\/hstis.hr\/index.php\/wp-json\/wp\/v2\/pages"}],"about":[{"href":"https:\/\/hstis.hr\/index.php\/wp-json\/wp\/v2\/types\/page"}],"author":[{"embeddable":true,"href":"https:\/\/hstis.hr\/index.php\/wp-json\/wp\/v2\/users\/1"}],"replies":[{"embeddable":true,"href":"https:\/\/hstis.hr\/index.php\/wp-json\/wp\/v2\/comments?post=60"}],"version-history":[{"count":59,"href":"https:\/\/hstis.hr\/index.php\/wp-json\/wp\/v2\/pages\/60\/revisions"}],"predecessor-version":[{"id":457,"href":"https:\/\/hstis.hr\/index.php\/wp-json\/wp\/v2\/pages\/60\/revisions\/457"}],"wp:attachment":[{"href":"https:\/\/hstis.hr\/index.php\/wp-json\/wp\/v2\/media?parent=60"}],"curies":[{"name":"wp","href":"https:\/\/api.w.org\/{rel}","templated":true}]}}