{"id":62,"date":"2020-10-29T19:54:34","date_gmt":"2020-10-29T19:54:34","guid":{"rendered":"http:\/\/hstis.hr\/?page_id=62"},"modified":"2020-11-20T17:29:48","modified_gmt":"2020-11-20T17:29:48","slug":"katalog","status":"publish","type":"page","link":"https:\/\/hstis.hr\/index.php\/katalog\/","title":{"rendered":"Katalog"},"content":{"rendered":"\t\t<div data-elementor-type=\"wp-page\" data-elementor-id=\"62\" class=\"elementor elementor-62\" data-elementor-settings=\"[]\">\n\t\t\t\t\t\t<div class=\"elementor-inner\">\n\t\t\t\t\t\t\t<div class=\"elementor-section-wrap\">\n\t\t\t\t\t\t\t<section class=\"elementor-section elementor-top-section elementor-element elementor-element-76c27c8 elementor-section-boxed elementor-section-height-default elementor-section-height-default\" data-id=\"76c27c8\" data-element_type=\"section\">\n\t\t\t\t\t\t<div class=\"elementor-container elementor-column-gap-default\">\n\t\t\t\t\t\t\t<div class=\"elementor-row\">\n\t\t\t\t\t<div class=\"elementor-column elementor-col-100 elementor-top-column elementor-element elementor-element-faeef1d\" data-id=\"faeef1d\" data-element_type=\"column\">\n\t\t\t<div class=\"elementor-column-wrap elementor-element-populated\">\n\t\t\t\t\t\t\t<div class=\"elementor-widget-wrap\">\n\t\t\t\t\t\t<div class=\"elementor-element elementor-element-b78fefc elementor-widget elementor-widget-heading\" data-id=\"b78fefc\" data-element_type=\"widget\" data-widget_type=\"heading.default\">\n\t\t\t\t<div class=\"elementor-widget-container\">\n\t\t\t<h1 class=\"elementor-heading-title elementor-size-default\">Katalog<\/h1>\t\t<\/div>\n\t\t\t\t<\/div>\n\t\t\t\t\t\t<\/div>\n\t\t\t\t\t<\/div>\n\t\t<\/div>\n\t\t\t\t\t\t\t\t<\/div>\n\t\t\t\t\t<\/div>\n\t\t<\/section>\n\t\t\t\t<section class=\"elementor-section elementor-top-section elementor-element elementor-element-1ad607e elementor-section-boxed elementor-section-height-default elementor-section-height-default\" data-id=\"1ad607e\" data-element_type=\"section\">\n\t\t\t\t\t\t<div class=\"elementor-container elementor-column-gap-default\">\n\t\t\t\t\t\t\t<div class=\"elementor-row\">\n\t\t\t\t\t<div class=\"elementor-column elementor-col-100 elementor-top-column elementor-element elementor-element-ed493cb\" data-id=\"ed493cb\" data-element_type=\"column\">\n\t\t\t<div class=\"elementor-column-wrap elementor-element-populated\">\n\t\t\t\t\t\t\t<div class=\"elementor-widget-wrap\">\n\t\t\t\t\t\t<div class=\"elementor-element elementor-element-9c97ac9 elementor-widget elementor-widget-text-editor\" data-id=\"9c97ac9\" data-element_type=\"widget\" data-widget_type=\"text-editor.default\">\n\t\t\t\t<div class=\"elementor-widget-container\">\n\t\t\t\t\t<div class=\"elementor-text-editor elementor-clearfix\"><p><strong>Katalog tradicijskih igara i sportova je u pripremi.<\/strong><\/p>\n<p>Izrada zahtijeva vrlo opse\u017ean rad: veliki broj igara i sportova je zaboravljen, postoje samo usmeni opisi i zapisi iz privatnih izvora. Knjige koje opisuju igre i sportove predstavljaju arhivsku gra\u0111u, literatura je uglavnom iz 19. stolje\u0107a do prve polovice 20. stolje\u0107a.<\/p>\n<p>Na ovim stranicama biti \u0107e objavljen poziv svim onima koji imaju saznanja i podatke te su voljni pomo\u0107i da se uklju\u010de u ovu inicijativu.<\/p>\n<p>Hvala na razumijevanju!!!!<\/p><\/div>\n\t\t\t\t<\/div>\n\t\t\t\t<\/div>\n\t\t\t\t\t\t<\/div>\n\t\t\t\t\t<\/div>\n\t\t<\/div>\n\t\t\t\t\t\t\t\t<\/div>\n\t\t\t\t\t<\/div>\n\t\t<\/section>\n\t\t\t\t\t\t<\/div>\n\t\t\t\t\t\t<\/div>\n\t\t\t\t\t<\/div>\n\t\t","protected":false},"excerpt":{"rendered":"<p>Katalog Katalog tradicijskih igara i sportova je u pripremi. Izrada zahtijeva vrlo opse\u017ean rad: veliki broj igara i sportova je zaboravljen, postoje samo usmeni opisi i zapisi iz privatnih izvora. Knjige koje opisuju igre i sportove predstavljaju arhivsku gra\u0111u, literatura je uglavnom iz 19. stolje\u0107a do prve polovice 20. stolje\u0107a. Na ovim stranicama biti \u0107e [&hellip;]<\/p>\n","protected":false},"author":1,"featured_media":0,"parent":0,"menu_order":0,"comment_status":"closed","ping_status":"closed","template":"","meta":{"footnotes":""},"class_list":["post-62","page","type-page","status-publish","hentry","entry"],"_links":{"self":[{"href":"https:\/\/hstis.hr\/index.php\/wp-json\/wp\/v2\/pages\/62","targetHints":{"allow":["GET"]}}],"collection":[{"href":"https:\/\/hstis.hr\/index.php\/wp-json\/wp\/v2\/pages"}],"about":[{"href":"https:\/\/hstis.hr\/index.php\/wp-json\/wp\/v2\/types\/page"}],"author":[{"embeddable":true,"href":"https:\/\/hstis.hr\/index.php\/wp-json\/wp\/v2\/users\/1"}],"replies":[{"embeddable":true,"href":"https:\/\/hstis.hr\/index.php\/wp-json\/wp\/v2\/comments?post=62"}],"version-history":[{"count":13,"href":"https:\/\/hstis.hr\/index.php\/wp-json\/wp\/v2\/pages\/62\/revisions"}],"predecessor-version":[{"id":377,"href":"https:\/\/hstis.hr\/index.php\/wp-json\/wp\/v2\/pages\/62\/revisions\/377"}],"wp:attachment":[{"href":"https:\/\/hstis.hr\/index.php\/wp-json\/wp\/v2\/media?parent=62"}],"curies":[{"name":"wp","href":"https:\/\/api.w.org\/{rel}","templated":true}]}}